{"id":2267,"date":"2023-12-16T07:47:46","date_gmt":"2023-12-16T06:47:46","guid":{"rendered":"https:\/\/biogeta.shop\/?post_type=product&#038;p=2267"},"modified":"2025-11-14T07:25:19","modified_gmt":"2025-11-14T06:25:19","slug":"home-harmonizer","status":"publish","type":"product","link":"https:\/\/biogeta.shop\/de\/produkt\/home-harmonizer\/","title":{"rendered":"HOME HARMONIZER"},"content":{"rendered":"<p>Der\u00a0<strong>BIOGETA\u00ae HOME Harmonizer\u00a0<\/strong>stoppt Energieverlust durch geologische St\u00f6rzonen und baut ein bioenergetisch positives Schwingungsfeld auf, in dem Belastungen durch Elektrosmog und Geopathie (Erdstrahlung) ausgeglichen werden.<\/p>\n","protected":false},"excerpt":{"rendered":"<p class=\"p1\">Der\u00a0<strong>BIOGETA\u00ae HOME HARMONIZER<\/strong>\u00a0stoppt Energieverlust durch geologische St\u00f6rzonen und baut ein bioenergetisch positives Schwingungsfeld auf, in dem Belastungen durch Elektrosmog und Geopathie (Erdstrahlung) ausgeglichen werden.<\/p>\n<p><strong>Wissenschaftlich bewiesene Schutzwirkung!<\/strong><br \/>\nDie sch\u00fctzende Wirkung auf unsere Zellen wurde von Dartsch Scientific in einem wissenschaftlichen Labortest bewiesen. Im Test konnte eine deutlich erh\u00f6hte Zellvitalit\u00e4t unter allt\u00e4glichen Umweltstrahlungen nachgewiesen werden.<\/p>\n<p><strong>3o Tage R\u00fcckgaberecht!<\/strong> 100% risikofrei testen.<\/p>\n<p>Die Erfahrung aus vielen Jahren Praxis-Alltag in der Baubiologie hat gezeigt, dass die besten Ergebnisse erzielt werden, wenn nicht nur ein Harmonisierungs-Modul eingesetzt wird, sondern zus\u00e4tzlich bestehende technische Belastungen bestm\u00f6glich minimiert werden. Desweiteren hat sich gezeigt, dass es in vielen F\u00e4llen von Vorteil ist, das K\u00f6rperenergiesystem durch eine Extra-Portion Energie zu stabilisieren und den K\u00f6rper auch unterwegs vor Hochfrequenz-Strahlung zu sch\u00fctzen. Deshalb k\u00f6nnen auf dieser Seite weitere Produkte zu einem reduzierten Preis dazu konfiguriert werden.<\/p>\n<p><strong>Im HOME HARMONIZER ist zudem eine kleine Detox-Platte integriert, die das Energiefeld zus\u00e4tzlich harmonisiert und die Raumfrequenz unterst\u00fctzt.<\/strong><\/p>\n","protected":false},"featured_media":12964,"comment_status":"open","ping_status":"closed","template":"","meta":{"_monsterinsights_skip_tracking":false,"_monsterinsights_sitenote_active":false,"_monsterinsights_sitenote_note":"","_monsterinsights_sitenote_category":0},"product_brand":[],"product_cat":[24,23],"product_tag":[87,36],"class_list":{"0":"post-2267","1":"product","2":"type-product","3":"status-publish","4":"has-post-thumbnail","6":"product_cat-biogeta","7":"product_cat-harmonisierung-biofeldformung","8":"product_tag-google","9":"product_tag-home-set","11":"first","12":"instock","13":"taxable","14":"shipping-taxable","15":"purchasable","16":"product-type-composite"},"_links":{"self":[{"href":"https:\/\/biogeta.shop\/de\/wp-json\/wp\/v2\/product\/2267","targetHints":{"allow":["GET"]}}],"collection":[{"href":"https:\/\/biogeta.shop\/de\/wp-json\/wp\/v2\/product"}],"about":[{"href":"https:\/\/biogeta.shop\/de\/wp-json\/wp\/v2\/types\/product"}],"replies":[{"embeddable":true,"href":"https:\/\/biogeta.shop\/de\/wp-json\/wp\/v2\/comments?post=2267"}],"version-history":[{"count":29,"href":"https:\/\/biogeta.shop\/de\/wp-json\/wp\/v2\/product\/2267\/revisions"}],"predecessor-version":[{"id":19556,"href":"https:\/\/biogeta.shop\/de\/wp-json\/wp\/v2\/product\/2267\/revisions\/19556"}],"wp:featuredmedia":[{"embeddable":true,"href":"https:\/\/biogeta.shop\/de\/wp-json\/wp\/v2\/media\/12964"}],"wp:attachment":[{"href":"https:\/\/biogeta.shop\/de\/wp-json\/wp\/v2\/media?parent=2267"}],"wp:term":[{"taxonomy":"product_brand","embeddable":true,"href":"https:\/\/biogeta.shop\/de\/wp-json\/wp\/v2\/product_brand?post=2267"},{"taxonomy":"product_cat","embeddable":true,"href":"https:\/\/biogeta.shop\/de\/wp-json\/wp\/v2\/product_cat?post=2267"},{"taxonomy":"product_tag","embeddable":true,"href":"https:\/\/biogeta.shop\/de\/wp-json\/wp\/v2\/product_tag?post=2267"}],"curies":[{"name":"wp","href":"https:\/\/api.w.org\/{rel}","templated":true}]}}