{"id":5096,"date":"2024-03-22T10:28:58","date_gmt":"2024-03-22T09:28:58","guid":{"rendered":"https:\/\/biogeta.shop\/?page_id=5096"},"modified":"2025-11-05T09:31:12","modified_gmt":"2025-11-05T08:31:12","slug":"asesoramiento","status":"publish","type":"page","link":"https:\/\/biogeta.shop\/es\/asesoramiento\/","title":{"rendered":"Asesoramiento"},"content":{"rendered":"<div data-elementor-type=\"wp-page\" data-elementor-id=\"5096\" class=\"elementor elementor-5096\" data-elementor-post-type=\"page\">\n\t\t\t\t\t\t<section class=\"elementor-section elementor-top-section elementor-element elementor-element-4aec0ba elementor-section-boxed elementor-section-height-default elementor-section-height-default\" data-id=\"4aec0ba\" data-element_type=\"section\">\n\t\t\t\t\t\t<div class=\"elementor-container elementor-column-gap-default\">\n\t\t\t\t\t<div class=\"elementor-column elementor-col-100 elementor-top-column elementor-element elementor-element-655aac09\" data-id=\"655aac09\" data-element_type=\"column\">\n\t\t\t<div class=\"elementor-widget-wrap elementor-element-populated\">\n\t\t\t\t\t\t<section class=\"elementor-section elementor-inner-section elementor-element elementor-element-f2e721a elementor-section-boxed elementor-section-height-default elementor-section-height-default\" data-id=\"f2e721a\" data-element_type=\"section\">\n\t\t\t\t\t\t<div class=\"elementor-container elementor-column-gap-default\">\n\t\t\t\t\t<div class=\"elementor-column elementor-col-50 elementor-inner-column elementor-element elementor-element-0b3cf2f\" data-id=\"0b3cf2f\" data-element_type=\"column\">\n\t\t\t<div class=\"elementor-widget-wrap\">\n\t\t\t\t\t\t\t<\/div>\n\t\t<\/div>\n\t\t\t\t<div class=\"elementor-column elementor-col-50 elementor-inner-column elementor-element elementor-element-ac3e0b2\" data-id=\"ac3e0b2\" data-element_type=\"column\">\n\t\t\t<div class=\"elementor-widget-wrap\">\n\t\t\t\t\t\t\t<\/div>\n\t\t<\/div>\n\t\t\t\t\t<\/div>\n\t\t<\/section>\n\t\t\t\t<section class=\"elementor-section elementor-inner-section elementor-element elementor-element-7a40b14 elementor-section-boxed elementor-section-height-default elementor-section-height-default\" data-id=\"7a40b14\" data-element_type=\"section\">\n\t\t\t\t\t\t<div class=\"elementor-container elementor-column-gap-default\">\n\t\t\t\t\t<div class=\"elementor-column elementor-col-100 elementor-inner-column elementor-element elementor-element-84e3e69\" data-id=\"84e3e69\" data-element_type=\"column\">\n\t\t\t<div class=\"elementor-widget-wrap elementor-element-populated\">\n\t\t\t\t\t\t<div class=\"elementor-element elementor-element-7a9d79e1 elementor-widget elementor-widget-heading\" data-id=\"7a9d79e1\" data-element_type=\"widget\" data-widget_type=\"heading.default\">\n\t\t\t\t<div class=\"elementor-widget-container\">\n\t\t\t\t\t<h1 class=\"elementor-heading-title elementor-size-default\">\u00a1Estaremos encantados de asesorarte!<\/h1>\t\t\t\t<\/div>\n\t\t\t\t<\/div>\n\t\t\t\t<div class=\"elementor-element elementor-element-12454d25 elementor-widget elementor-widget-text-editor\" data-id=\"12454d25\" data-element_type=\"widget\" data-widget_type=\"text-editor.default\">\n\t\t\t\t<div class=\"elementor-widget-container\">\n\t\t\t\t\t\t\t\t\t<p>Nuestro experimentado equipo de bi\u00f3logos constructores, natur\u00f3patas y consultores bioenerg\u00e9ticos estar\u00e1 encantado de ayudarte.<\/p><p>La IA de Sebastian \"Clon\" tambi\u00e9n puede responder muy bien a muchas preguntas sobre nuestros productos, su modo de acci\u00f3n y sus funciones. Nuestro asistente de asesoramiento \"Seb AI\" sabe muy bien lo que hace y a menudo puede ayudarte de forma r\u00e1pida y directa \ud83d\ude42 ...<br \/>S\u00f3lo preg\u00fantale algo ...<\/p><p>o elige una cita de consulta gratuita con uno de nuestros asesores y te llamaremos a la hora acordada. S\u00f3lo tienes que hacer clic en \"Seleccionar cita\".<\/p>\t\t\t\t\t\t\t\t<\/div>\n\t\t\t\t<\/div>\n\t\t\t\t\t<\/div>\n\t\t<\/div>\n\t\t\t\t\t<\/div>\n\t\t<\/section>\n\t\t\t\t<section class=\"elementor-section elementor-inner-section elementor-element elementor-element-2579729 elementor-section-boxed elementor-section-height-default elementor-section-height-default\" data-id=\"2579729\" data-element_type=\"section\">\n\t\t\t\t\t\t<div class=\"elementor-container elementor-column-gap-default\">\n\t\t\t\t\t<div class=\"elementor-column elementor-col-50 elementor-inner-column elementor-element elementor-element-591e37c\" data-id=\"591e37c\" data-element_type=\"column\" data-settings=\"{&quot;background_background&quot;:&quot;classic&quot;}\">\n\t\t\t<div class=\"elementor-widget-wrap elementor-element-populated\">\n\t\t\t\t\t\t<div class=\"elementor-element elementor-element-3851494 elementor-widget elementor-widget-html\" data-id=\"3851494\" data-element_type=\"widget\" data-widget_type=\"html.default\">\n\t\t\t\t<div class=\"elementor-widget-container\">\n\t\t\t\t\t<iframe\n    src=\"https:\/\/www.chatbase.co\/chatbot-iframe\/g4Uziwy8dIpM_9k61KALC\"\n    width=\"100%\"\n    style=\"height: 100%; min-height: 500px\"\n    frameborder=\"0\"\n><\/iframe>\t\t\t\t<\/div>\n\t\t\t\t<\/div>\n\t\t\t\t\t<\/div>\n\t\t<\/div>\n\t\t\t\t<div class=\"elementor-column elementor-col-50 elementor-inner-column elementor-element elementor-element-8ebf3c5\" data-id=\"8ebf3c5\" data-element_type=\"column\" data-settings=\"{&quot;background_background&quot;:&quot;classic&quot;}\">\n\t\t\t<div class=\"elementor-widget-wrap elementor-element-populated\">\n\t\t\t\t\t\t<div class=\"elementor-element elementor-element-36e413a elementor-widget elementor-widget-text-editor\" data-id=\"36e413a\" data-element_type=\"widget\" data-widget_type=\"text-editor.default\">\n\t\t\t\t<div class=\"elementor-widget-container\">\n\t\t\t\t\t\t\t\t\t<p>\u00bfTienes preguntas sobre la biolog\u00eda de los edificios o problemas de salud que crees que pueden estar relacionados con la exposici\u00f3n al electrosmog, la radio o la radiaci\u00f3n terrestre, o quieres m\u00e1s informaci\u00f3n sobre los productos de ecualizaci\u00f3n de BIOGETA?\u00a0<\/p>\t\t\t\t\t\t\t\t<\/div>\n\t\t\t\t<\/div>\n\t\t\t\t<div class=\"elementor-element elementor-element-1d6757d elementor-align-center elementor-widget elementor-widget-button\" data-id=\"1d6757d\" data-element_type=\"widget\" data-widget_type=\"button.default\">\n\t\t\t\t<div class=\"elementor-widget-container\">\n\t\t\t\t\t\t\t\t\t<div class=\"elementor-button-wrapper\">\n\t\t\t\t\t<a class=\"elementor-button elementor-button-link elementor-size-sm\" href=\"#termine\">\n\t\t\t\t\t\t<span class=\"elementor-button-content-wrapper\">\n\t\t\t\t\t\t\t\t\t<span class=\"elementor-button-text\">\" Selecciona la fecha<\/span>\n\t\t\t\t\t<\/span>\n\t\t\t\t\t<\/a>\n\t\t\t\t<\/div>\n\t\t\t\t\t\t\t\t<\/div>\n\t\t\t\t<\/div>\n\t\t\t\t<div class=\"elementor-element elementor-element-a330dd6 elementor-widget elementor-widget-text-editor\" data-id=\"a330dd6\" data-element_type=\"widget\" data-widget_type=\"text-editor.default\">\n\t\t\t\t<div class=\"elementor-widget-container\">\n\t\t\t\t\t\t\t\t\t<p>\u00bfQuieres un an\u00e1lisis de biolog\u00eda de la construcci\u00f3n de tu casa o piso o una instalaci\u00f3n in situ de un ARMONIZADOR DOM\u00c9STICO? Entonces ponte en contacto con uno de nuestros bi\u00f3logos de la construcci\u00f3n y concierta una cita in situ.<\/p>\t\t\t\t\t\t\t\t<\/div>\n\t\t\t\t<\/div>\n\t\t\t\t<div class=\"elementor-element elementor-element-6b220cf elementor-align-center elementor-widget elementor-widget-button\" data-id=\"6b220cf\" data-element_type=\"widget\" data-widget_type=\"button.default\">\n\t\t\t\t<div class=\"elementor-widget-container\">\n\t\t\t\t\t\t\t\t\t<div class=\"elementor-button-wrapper\">\n\t\t\t\t\t<a class=\"elementor-button elementor-button-link elementor-size-sm\" href=\"https:\/\/strahlenfrei-wohnen.de\/vor-ort-analysen\/\" target=\"_blank\" rel=\"noopener\">\n\t\t\t\t\t\t<span class=\"elementor-button-content-wrapper\">\n\t\t\t\t\t\t\t\t\t<span class=\"elementor-button-text\">\" Elige un bi\u00f3logo de la construcci\u00f3n<\/span>\n\t\t\t\t\t<\/span>\n\t\t\t\t\t<\/a>\n\t\t\t\t<\/div>\n\t\t\t\t\t\t\t\t<\/div>\n\t\t\t\t<\/div>\n\t\t\t\t\t<\/div>\n\t\t<\/div>\n\t\t\t\t\t<\/div>\n\t\t<\/section>\n\t\t\t\t<section class=\"elementor-section elementor-inner-section elementor-element elementor-element-87d8bdc elementor-hidden-desktop elementor-hidden-tablet elementor-hidden-mobile elementor-section-boxed elementor-section-height-default elementor-section-height-default\" data-id=\"87d8bdc\" data-element_type=\"section\">\n\t\t\t\t\t\t<div class=\"elementor-container elementor-column-gap-default\">\n\t\t\t\t\t<div class=\"elementor-column elementor-col-50 elementor-inner-column elementor-element elementor-element-19433b2\" data-id=\"19433b2\" data-element_type=\"column\" data-settings=\"{&quot;background_background&quot;:&quot;classic&quot;}\">\n\t\t\t<div class=\"elementor-widget-wrap elementor-element-populated\">\n\t\t\t\t\t\t<div class=\"elementor-element elementor-element-8c8c3a2 elementor-widget elementor-widget-text-editor\" data-id=\"8c8c3a2\" data-element_type=\"widget\" data-widget_type=\"text-editor.default\">\n\t\t\t\t<div class=\"elementor-widget-container\">\n\t\t\t\t\t\t\t\t\t<p>\u00bfTienes preguntas sobre la biolog\u00eda de los edificios o problemas de salud que crees que pueden estar relacionados con la exposici\u00f3n al electrosmog, la radio o la radiaci\u00f3n terrestre, o quieres m\u00e1s informaci\u00f3n sobre los productos de ecualizaci\u00f3n de BIOGETA?\u00a0<\/p>\t\t\t\t\t\t\t\t<\/div>\n\t\t\t\t<\/div>\n\t\t\t\t<div class=\"elementor-element elementor-element-0116172 elementor-align-center elementor-widget elementor-widget-button\" data-id=\"0116172\" data-element_type=\"widget\" data-widget_type=\"button.default\">\n\t\t\t\t<div class=\"elementor-widget-container\">\n\t\t\t\t\t\t\t\t\t<div class=\"elementor-button-wrapper\">\n\t\t\t\t\t<a class=\"elementor-button elementor-button-link elementor-size-sm\" href=\"#termine\">\n\t\t\t\t\t\t<span class=\"elementor-button-content-wrapper\">\n\t\t\t\t\t\t\t\t\t<span class=\"elementor-button-text\">\" Selecciona la fecha<\/span>\n\t\t\t\t\t<\/span>\n\t\t\t\t\t<\/a>\n\t\t\t\t<\/div>\n\t\t\t\t\t\t\t\t<\/div>\n\t\t\t\t<\/div>\n\t\t\t\t\t<\/div>\n\t\t<\/div>\n\t\t\t\t<div class=\"elementor-column elementor-col-50 elementor-inner-column elementor-element elementor-element-b522367\" data-id=\"b522367\" data-element_type=\"column\" data-settings=\"{&quot;background_background&quot;:&quot;classic&quot;}\">\n\t\t\t<div class=\"elementor-widget-wrap elementor-element-populated\">\n\t\t\t\t\t\t<div class=\"elementor-element elementor-element-3f5b671 elementor-widget elementor-widget-text-editor\" data-id=\"3f5b671\" data-element_type=\"widget\" data-widget_type=\"text-editor.default\">\n\t\t\t\t<div class=\"elementor-widget-container\">\n\t\t\t\t\t\t\t\t\t<p>\u00bfQuieres un an\u00e1lisis de biolog\u00eda de la construcci\u00f3n de tu casa o piso o una instalaci\u00f3n in situ de un ARMONIZADOR DOM\u00c9STICO? Entonces ponte en contacto con uno de nuestros bi\u00f3logos de la construcci\u00f3n y concierta una cita in situ.<\/p>\t\t\t\t\t\t\t\t<\/div>\n\t\t\t\t<\/div>\n\t\t\t\t<div class=\"elementor-element elementor-element-ab59ac4 elementor-align-center elementor-widget elementor-widget-button\" data-id=\"ab59ac4\" data-element_type=\"widget\" data-widget_type=\"button.default\">\n\t\t\t\t<div class=\"elementor-widget-container\">\n\t\t\t\t\t\t\t\t\t<div class=\"elementor-button-wrapper\">\n\t\t\t\t\t<a class=\"elementor-button elementor-button-link elementor-size-sm\" href=\"https:\/\/strahlenfrei-wohnen.de\/vor-ort-analysen\/\" target=\"_blank\" rel=\"noopener\">\n\t\t\t\t\t\t<span class=\"elementor-button-content-wrapper\">\n\t\t\t\t\t\t\t\t\t<span class=\"elementor-button-text\">\" Elige un bi\u00f3logo de la construcci\u00f3n<\/span>\n\t\t\t\t\t<\/span>\n\t\t\t\t\t<\/a>\n\t\t\t\t<\/div>\n\t\t\t\t\t\t\t\t<\/div>\n\t\t\t\t<\/div>\n\t\t\t\t\t<\/div>\n\t\t<\/div>\n\t\t\t\t\t<\/div>\n\t\t<\/section>\n\t\t\t\t<div class=\"elementor-element elementor-element-4db786d8 elementor-widget elementor-widget-text-editor\" data-id=\"4db786d8\" data-element_type=\"widget\" data-no-translation=\"\" data-widget_type=\"text-editor.default\">\n\t\t\t\t<div class=\"elementor-widget-container\">\n\t\t\t\t\t<style>.elementor-element-4db786d8{display:none !important}<\/style>\t\t\t\t<\/div>\n\t\t\t\t<\/div>\n\t\t\t\t<div class=\"elementor-element elementor-element-8750bb7 elementor-widget elementor-widget-text-editor\" data-id=\"8750bb7\" data-element_type=\"widget\" data-no-translation=\"\" data-widget_type=\"text-editor.default\">\n\t\t\t\t<div class=\"elementor-widget-container\">\n\t\t\t\t\t<style>.elementor-element-8750bb7{display:none !important}<\/style>\t\t\t\t<\/div>\n\t\t\t\t<\/div>\n\t\t\t\t\t<\/div>\n\t\t<\/div>\n\t\t\t\t\t<\/div>\n\t\t<\/section>\n\t\t\t\t<section class=\"elementor-section elementor-top-section elementor-element elementor-element-e951e7f elementor-section-boxed elementor-section-height-default elementor-section-height-default\" data-id=\"e951e7f\" data-element_type=\"section\">\n\t\t\t\t\t\t<div class=\"elementor-container elementor-column-gap-default\">\n\t\t\t\t\t<div class=\"elementor-column elementor-col-100 elementor-top-column elementor-element elementor-element-09387ed\" data-id=\"09387ed\" data-element_type=\"column\">\n\t\t\t<div class=\"elementor-widget-wrap elementor-element-populated\">\n\t\t\t\t\t\t<div class=\"elementor-element elementor-element-2cb16de elementor-widget elementor-widget-html\" data-id=\"2cb16de\" data-element_type=\"widget\" data-widget_type=\"html.default\">\n\t\t\t\t<div class=\"elementor-widget-container\">\n\t\t\t\t\t<!-- Calendly Inline-Widget Beginn -->\n<div class=\"calendly-inline-widget\" data-url=\"https:\/\/calendly.com\/biogeta-product-consultation\/product-consultation\" style=\"min-width:320px;height:700px;\"><\/div>\n<script type=\"text\/javascript\" src=\"https:\/\/assets.calendly.com\/assets\/external\/widget.js\" async><\/script>\n<!-- Calendly Inline-Widget Ende -->\t\t\t\t<\/div>\n\t\t\t\t<\/div>\n\t\t\t\t\t<\/div>\n\t\t<\/div>\n\t\t\t\t\t<\/div>\n\t\t<\/section>\n\t\t\t\t<\/div>","protected":false},"excerpt":{"rendered":"<p>\u00a1Estaremos encantados de asesorarte! \u00a1Nuestro experimentado equipo de bi\u00f3logos constructores, natur\u00f3patas y asesores bioenerg\u00e9ticos estar\u00e1 encantado de ayudarte! La IA de Sebastian \"Clon\" tambi\u00e9n puede responder muy bien a muchas preguntas sobre nuestros productos, su modo de acci\u00f3n y sus funciones. Nuestro asistente de asesoramiento \"Seb AI\" sabe muy bien lo que hace y a menudo puede ayudarte de forma r\u00e1pida y directa \ud83d\ude42 S\u00f3lo tienes que preguntarle algo ... [...]<\/p>","protected":false},"author":1,"featured_media":0,"parent":0,"menu_order":0,"comment_status":"closed","ping_status":"closed","template":"elementor_header_footer","meta":{"_monsterinsights_skip_tracking":false,"_monsterinsights_sitenote_active":false,"_monsterinsights_sitenote_note":"","_monsterinsights_sitenote_category":0,"footnotes":""},"class_list":["post-5096","page","type-page","status-publish","hentry"],"_links":{"self":[{"href":"https:\/\/biogeta.shop\/es\/wp-json\/wp\/v2\/pages\/5096","targetHints":{"allow":["GET"]}}],"collection":[{"href":"https:\/\/biogeta.shop\/es\/wp-json\/wp\/v2\/pages"}],"about":[{"href":"https:\/\/biogeta.shop\/es\/wp-json\/wp\/v2\/types\/page"}],"author":[{"embeddable":true,"href":"https:\/\/biogeta.shop\/es\/wp-json\/wp\/v2\/users\/1"}],"replies":[{"embeddable":true,"href":"https:\/\/biogeta.shop\/es\/wp-json\/wp\/v2\/comments?post=5096"}],"version-history":[{"count":169,"href":"https:\/\/biogeta.shop\/es\/wp-json\/wp\/v2\/pages\/5096\/revisions"}],"predecessor-version":[{"id":19282,"href":"https:\/\/biogeta.shop\/es\/wp-json\/wp\/v2\/pages\/5096\/revisions\/19282"}],"wp:attachment":[{"href":"https:\/\/biogeta.shop\/es\/wp-json\/wp\/v2\/media?parent=5096"}],"curies":[{"name":"wp","href":"https:\/\/api.w.org\/{rel}","templated":true}]}}