{"id":7410,"date":"2024-07-08T10:00:19","date_gmt":"2024-07-08T08:00:19","guid":{"rendered":"https:\/\/biogeta.shop\/?page_id=7410"},"modified":"2025-07-03T12:43:25","modified_gmt":"2025-07-03T10:43:25","slug":"devoluciones-de-envio","status":"publish","type":"page","link":"https:\/\/biogeta.shop\/es\/devoluciones-de-envio\/","title":{"rendered":"Env\u00edos y devoluciones"},"content":{"rendered":"<div data-elementor-type=\"wp-page\" data-elementor-id=\"7410\" class=\"elementor elementor-7410\" data-elementor-post-type=\"page\">\n\t\t\t\t\t\t<section class=\"elementor-section elementor-top-section elementor-element elementor-element-faa717d elementor-section-boxed elementor-section-height-default elementor-section-height-default\" data-id=\"faa717d\" data-element_type=\"section\">\n\t\t\t\t\t\t<div class=\"elementor-container elementor-column-gap-default\">\n\t\t\t\t\t<div class=\"elementor-column elementor-col-100 elementor-top-column elementor-element elementor-element-2643a9e\" data-id=\"2643a9e\" data-element_type=\"column\">\n\t\t\t<div class=\"elementor-widget-wrap elementor-element-populated\">\n\t\t\t\t\t\t<div class=\"elementor-element elementor-element-6370c4c elementor-widget elementor-widget-text-editor\" data-id=\"6370c4c\" data-element_type=\"widget\" data-widget_type=\"text-editor.default\">\n\t\t\t\t<div class=\"elementor-widget-container\">\n\t\t\t\t\t\t\t\t\t<h2>Env\u00edo<\/h2><p>Enviamos dentro de Europa exclusivamente con DHL. Fuera de Europa con UPS Express o DHL Express.<\/p><p>La tramitaci\u00f3n de los env\u00edos se realiza diariamente entre las 7.00 y las 12.00 horas. Todos los pedidos pagados antes de las 12.00 se procesan el mismo d\u00eda.<\/p><p>En cuanto DHL haya escaneado el paquete al recogerlo, encontrar\u00e1s el n\u00famero de seguimiento en el \u00e1rea de clientes.<\/p><h2>Devuelve<\/h2><p>Concedemos un derecho de devoluci\u00f3n de 30 d\u00edas en todos los productos BIOGETA\u00ae. En otras palabras, si no quedas satisfecho, s\u00f3lo tienes que devolvernos los productos y \u00a1te reembolsaremos el importe \u00edntegro!<\/p><p>Utiliza la siguiente direcci\u00f3n para las devoluciones:<\/p><p>Env\u00edo de BIOGETA<br \/>Calle principal 21<br \/>35088 Battenberg<br \/>Alemania<\/p><h2>Datos bancarios<\/h2><p class=\"p1\">Alternawol eG<br \/>DE21 4606 2817 0102 3191 00GENODEM1SMA<br \/>Volksbank Sauerland<\/p><h2>Paypal<\/h2><p>paypal.me\/alternawol<\/p>\t\t\t\t\t\t\t\t<\/div>\n\t\t\t\t<\/div>\n\t\t\t\t\t<\/div>\n\t\t<\/div>\n\t\t\t\t\t<\/div>\n\t\t<\/section>\n\t\t\t\t<\/div>","protected":false},"excerpt":{"rendered":"<p>Env\u00edo Enviamos dentro de Europa exclusivamente con DHL. Fuera de Europa con UPS Express o DHL Express. La tramitaci\u00f3n de los env\u00edos se realiza diariamente entre las 7.00 y las 12.00 horas. Todos los pedidos pagados antes de las 12.00 h se procesan el mismo d\u00eda. En cuanto DHL haya escaneado el paquete en el momento de la recogida, [...]<\/p>","protected":false},"author":1,"featured_media":0,"parent":0,"menu_order":0,"comment_status":"closed","ping_status":"closed","template":"","meta":{"_monsterinsights_skip_tracking":false,"_monsterinsights_sitenote_active":false,"_monsterinsights_sitenote_note":"","_monsterinsights_sitenote_category":0,"footnotes":""},"class_list":["post-7410","page","type-page","status-publish","hentry"],"_links":{"self":[{"href":"https:\/\/biogeta.shop\/es\/wp-json\/wp\/v2\/pages\/7410","targetHints":{"allow":["GET"]}}],"collection":[{"href":"https:\/\/biogeta.shop\/es\/wp-json\/wp\/v2\/pages"}],"about":[{"href":"https:\/\/biogeta.shop\/es\/wp-json\/wp\/v2\/types\/page"}],"author":[{"embeddable":true,"href":"https:\/\/biogeta.shop\/es\/wp-json\/wp\/v2\/users\/1"}],"replies":[{"embeddable":true,"href":"https:\/\/biogeta.shop\/es\/wp-json\/wp\/v2\/comments?post=7410"}],"version-history":[{"count":13,"href":"https:\/\/biogeta.shop\/es\/wp-json\/wp\/v2\/pages\/7410\/revisions"}],"predecessor-version":[{"id":16206,"href":"https:\/\/biogeta.shop\/es\/wp-json\/wp\/v2\/pages\/7410\/revisions\/16206"}],"wp:attachment":[{"href":"https:\/\/biogeta.shop\/es\/wp-json\/wp\/v2\/media?parent=7410"}],"curies":[{"name":"wp","href":"https:\/\/api.w.org\/{rel}","templated":true}]}}