{"id":104,"date":"2023-06-18T06:27:02","date_gmt":"2023-06-18T04:27:02","guid":{"rendered":"https:\/\/biogeta.shop\/?post_type=product&#038;p=104"},"modified":"2024-10-03T20:38:52","modified_gmt":"2024-10-03T18:38:52","slug":"biogeta-capteur-a-pointe","status":"publish","type":"product","link":"https:\/\/biogeta.shop\/fr\/produit-2\/biogeta-capteur-a-pointe\/","title":{"rendered":"BIOGETA\u00ae Capteur de pointe"},"content":{"rendered":"<p>Capteur \u00e0 pointe pour tester les zones perturbatrices, les aliments, les m\u00e9dicaments, etc.<\/p>\n<p>Le capteur \u00e0 pointe BIOGETA\u00ae est particuli\u00e8rement adapt\u00e9 pour tester dans les chartes gradu\u00e9es. Gr\u00e2ce \u00e0 son ajustement parfait et \u00e0 sa pointe rotative, les valeurs de l'\u00e9chelle peuvent \u00eatre d\u00e9termin\u00e9es avec pr\u00e9cision.<\/p>\n<p>Le capteur de pointe BIOGETA\u00ae combine les avantages d'un pendule et ceux d'un tenseur.<\/p>\n<p>Longueur avec poign\u00e9e : environ 30cm<\/p>","protected":false},"excerpt":{"rendered":"<p>Capteur \u00e0 pointe pour tester les zones perturbatrices, les aliments, les m\u00e9dicaments, etc.<\/p>","protected":false},"featured_media":133,"comment_status":"closed","ping_status":"closed","template":"","meta":{"_monsterinsights_skip_tracking":false,"_monsterinsights_sitenote_active":false,"_monsterinsights_sitenote_note":"","_monsterinsights_sitenote_category":0},"product_brand":[],"product_cat":[24],"product_tag":[],"class_list":{"0":"post-104","1":"product","2":"type-product","3":"status-publish","4":"has-post-thumbnail","6":"product_cat-biogeta","8":"first","9":"instock","10":"taxable","11":"shipping-taxable","12":"purchasable","13":"product-type-simple"},"_links":{"self":[{"href":"https:\/\/biogeta.shop\/fr\/wp-json\/wp\/v2\/product\/104","targetHints":{"allow":["GET"]}}],"collection":[{"href":"https:\/\/biogeta.shop\/fr\/wp-json\/wp\/v2\/product"}],"about":[{"href":"https:\/\/biogeta.shop\/fr\/wp-json\/wp\/v2\/types\/product"}],"replies":[{"embeddable":true,"href":"https:\/\/biogeta.shop\/fr\/wp-json\/wp\/v2\/comments?post=104"}],"version-history":[{"count":2,"href":"https:\/\/biogeta.shop\/fr\/wp-json\/wp\/v2\/product\/104\/revisions"}],"predecessor-version":[{"id":4941,"href":"https:\/\/biogeta.shop\/fr\/wp-json\/wp\/v2\/product\/104\/revisions\/4941"}],"wp:featuredmedia":[{"embeddable":true,"href":"https:\/\/biogeta.shop\/fr\/wp-json\/wp\/v2\/media\/133"}],"wp:attachment":[{"href":"https:\/\/biogeta.shop\/fr\/wp-json\/wp\/v2\/media?parent=104"}],"wp:term":[{"taxonomy":"product_brand","embeddable":true,"href":"https:\/\/biogeta.shop\/fr\/wp-json\/wp\/v2\/product_brand?post=104"},{"taxonomy":"product_cat","embeddable":true,"href":"https:\/\/biogeta.shop\/fr\/wp-json\/wp\/v2\/product_cat?post=104"},{"taxonomy":"product_tag","embeddable":true,"href":"https:\/\/biogeta.shop\/fr\/wp-json\/wp\/v2\/product_tag?post=104"}],"curies":[{"name":"wp","href":"https:\/\/api.w.org\/{rel}","templated":true}]}}