{"id":14486,"date":"2025-05-01T13:54:48","date_gmt":"2025-05-01T11:54:48","guid":{"rendered":"https:\/\/biogeta.shop\/?post_type=product&#038;p=14486"},"modified":"2025-07-31T11:26:08","modified_gmt":"2025-07-31T09:26:08","slug":"balance-waver-set-de-3","status":"publish","type":"product","link":"https:\/\/biogeta.shop\/fr\/produit-2\/balance-waver-set-de-3\/","title":{"rendered":"BALANCE WAVER set de 3 pi\u00e8ces"},"content":{"rendered":"","protected":false},"excerpt":{"rendered":"<ul>\n<li>Effacer localement et ponctuellement les veines d'eau, les failles et les points de grille d'intersection.<\/li>\n<li>\u00c9quilibrer les charges d'\u00e9lectrosmog et de radio !<\/li>\n<li>Le booster d'\u00e9nergie pour le travail, les s\u00e9minaires, sous le lit, dans la voiture ou \u00e0 l'\u00e9cole. Ou \u00e0 la maison pour \u00e9nergiser l'eau, les jus, les fruits et l\u00e9gumes ou les aliments pour b\u00e9b\u00e9s.<\/li>\n<\/ul>","protected":false},"featured_media":14410,"comment_status":"closed","ping_status":"closed","template":"","meta":{"_monsterinsights_skip_tracking":false,"_monsterinsights_sitenote_active":false,"_monsterinsights_sitenote_note":"","_monsterinsights_sitenote_category":0},"product_brand":[],"product_cat":[23],"product_tag":[],"class_list":{"0":"post-14486","1":"product","2":"type-product","3":"status-publish","4":"has-post-thumbnail","6":"product_cat-harmonisierung-biofeldformung","8":"first","9":"instock","10":"sale","11":"taxable","12":"shipping-taxable","13":"purchasable","14":"product-type-simple"},"_links":{"self":[{"href":"https:\/\/biogeta.shop\/fr\/wp-json\/wp\/v2\/product\/14486","targetHints":{"allow":["GET"]}}],"collection":[{"href":"https:\/\/biogeta.shop\/fr\/wp-json\/wp\/v2\/product"}],"about":[{"href":"https:\/\/biogeta.shop\/fr\/wp-json\/wp\/v2\/types\/product"}],"replies":[{"embeddable":true,"href":"https:\/\/biogeta.shop\/fr\/wp-json\/wp\/v2\/comments?post=14486"}],"version-history":[{"count":4,"href":"https:\/\/biogeta.shop\/fr\/wp-json\/wp\/v2\/product\/14486\/revisions"}],"predecessor-version":[{"id":14498,"href":"https:\/\/biogeta.shop\/fr\/wp-json\/wp\/v2\/product\/14486\/revisions\/14498"}],"wp:featuredmedia":[{"embeddable":true,"href":"https:\/\/biogeta.shop\/fr\/wp-json\/wp\/v2\/media\/14410"}],"wp:attachment":[{"href":"https:\/\/biogeta.shop\/fr\/wp-json\/wp\/v2\/media?parent=14486"}],"wp:term":[{"taxonomy":"product_brand","embeddable":true,"href":"https:\/\/biogeta.shop\/fr\/wp-json\/wp\/v2\/product_brand?post=14486"},{"taxonomy":"product_cat","embeddable":true,"href":"https:\/\/biogeta.shop\/fr\/wp-json\/wp\/v2\/product_cat?post=14486"},{"taxonomy":"product_tag","embeddable":true,"href":"https:\/\/biogeta.shop\/fr\/wp-json\/wp\/v2\/product_tag?post=14486"}],"curies":[{"name":"wp","href":"https:\/\/api.w.org\/{rel}","templated":true}]}}