{"id":1700,"date":"2023-11-09T16:07:59","date_gmt":"2023-11-09T15:07:59","guid":{"rendered":"https:\/\/biogeta.shop\/?post_type=product&#038;p=1700"},"modified":"2026-01-27T05:56:56","modified_gmt":"2026-01-27T04:56:56","slug":"analyse-a-distance-1-piece","status":"publish","type":"product","link":"https:\/\/biogeta.shop\/fr\/produit-2\/analyse-a-distance-1-piece\/","title":{"rendered":"Analyse \u00e0 distance 1 pi\u00e8ce"},"content":{"rendered":"<p>Examen radiesth\u00e9sique \u00e0 distance d'une pi\u00e8ce.<\/p>\n<p>Les zones de perturbation trouv\u00e9es sont dessin\u00e9es sur le plan mis \u00e0 disposition ou sur la photo envoy\u00e9e de la pi\u00e8ce, et une courte vid\u00e9o explicative est diffus\u00e9e.<\/p>","protected":false},"excerpt":{"rendered":"<p>Examen \u00e0 distance d'une pi\u00e8ce<\/p>","protected":false},"featured_media":1701,"comment_status":"open","ping_status":"closed","template":"","meta":{"_monsterinsights_skip_tracking":false,"_monsterinsights_sitenote_active":false,"_monsterinsights_sitenote_note":"","_monsterinsights_sitenote_category":0},"product_brand":[],"product_cat":[77],"product_tag":[],"class_list":{"0":"post-1700","1":"product","2":"type-product","3":"status-publish","4":"has-post-thumbnail","6":"product_cat-analysen","8":"first","9":"instock","10":"virtual","11":"taxable","12":"purchasable","13":"product-type-simple"},"_links":{"self":[{"href":"https:\/\/biogeta.shop\/fr\/wp-json\/wp\/v2\/product\/1700","targetHints":{"allow":["GET"]}}],"collection":[{"href":"https:\/\/biogeta.shop\/fr\/wp-json\/wp\/v2\/product"}],"about":[{"href":"https:\/\/biogeta.shop\/fr\/wp-json\/wp\/v2\/types\/product"}],"replies":[{"embeddable":true,"href":"https:\/\/biogeta.shop\/fr\/wp-json\/wp\/v2\/comments?post=1700"}],"version-history":[{"count":2,"href":"https:\/\/biogeta.shop\/fr\/wp-json\/wp\/v2\/product\/1700\/revisions"}],"predecessor-version":[{"id":2479,"href":"https:\/\/biogeta.shop\/fr\/wp-json\/wp\/v2\/product\/1700\/revisions\/2479"}],"wp:featuredmedia":[{"embeddable":true,"href":"https:\/\/biogeta.shop\/fr\/wp-json\/wp\/v2\/media\/1701"}],"wp:attachment":[{"href":"https:\/\/biogeta.shop\/fr\/wp-json\/wp\/v2\/media?parent=1700"}],"wp:term":[{"taxonomy":"product_brand","embeddable":true,"href":"https:\/\/biogeta.shop\/fr\/wp-json\/wp\/v2\/product_brand?post=1700"},{"taxonomy":"product_cat","embeddable":true,"href":"https:\/\/biogeta.shop\/fr\/wp-json\/wp\/v2\/product_cat?post=1700"},{"taxonomy":"product_tag","embeddable":true,"href":"https:\/\/biogeta.shop\/fr\/wp-json\/wp\/v2\/product_tag?post=1700"}],"curies":[{"name":"wp","href":"https:\/\/api.w.org\/{rel}","templated":true}]}}