{"id":2549,"date":"2024-01-25T09:08:24","date_gmt":"2024-01-25T08:08:24","guid":{"rendered":"https:\/\/biogeta.shop\/?post_type=product&#038;p=2549"},"modified":"2025-12-02T14:16:36","modified_gmt":"2025-12-02T13:16:36","slug":"home-harmonizer-xl","status":"publish","type":"product","link":"https:\/\/biogeta.shop\/fr\/produit-2\/home-harmonizer-xl\/","title":{"rendered":"Harmonisateur HOME - XL"},"content":{"rendered":"","protected":false},"excerpt":{"rendered":"<p>Harmoniseur BIOGETA\u00ae HOME<\/p>\n<p><strong>Taille XL - jusqu'\u00e0 environ 400m\u00b2 de surface habitable<\/strong><\/p>\n<p>Ajoute les caves et les greniers am\u00e9nag\u00e9s \u00e0 la surface. Compter le garage, le carport ou le grenier non am\u00e9nag\u00e9 \u00e0 1\/3 de la surface.<\/p>","protected":false},"featured_media":12964,"comment_status":"open","ping_status":"closed","template":"","meta":{"_monsterinsights_skip_tracking":false,"_monsterinsights_sitenote_active":false,"_monsterinsights_sitenote_note":"","_monsterinsights_sitenote_category":0},"product_brand":[],"product_cat":[89],"product_tag":[],"class_list":{"0":"post-2549","1":"product","2":"type-product","3":"status-publish","4":"has-post-thumbnail","6":"product_cat-home-harmonizer","8":"first","9":"instock","10":"taxable","11":"shipping-taxable","12":"purchasable","13":"product-type-simple"},"_links":{"self":[{"href":"https:\/\/biogeta.shop\/fr\/wp-json\/wp\/v2\/product\/2549","targetHints":{"allow":["GET"]}}],"collection":[{"href":"https:\/\/biogeta.shop\/fr\/wp-json\/wp\/v2\/product"}],"about":[{"href":"https:\/\/biogeta.shop\/fr\/wp-json\/wp\/v2\/types\/product"}],"replies":[{"embeddable":true,"href":"https:\/\/biogeta.shop\/fr\/wp-json\/wp\/v2\/comments?post=2549"}],"version-history":[{"count":3,"href":"https:\/\/biogeta.shop\/fr\/wp-json\/wp\/v2\/product\/2549\/revisions"}],"predecessor-version":[{"id":10769,"href":"https:\/\/biogeta.shop\/fr\/wp-json\/wp\/v2\/product\/2549\/revisions\/10769"}],"wp:featuredmedia":[{"embeddable":true,"href":"https:\/\/biogeta.shop\/fr\/wp-json\/wp\/v2\/media\/12964"}],"wp:attachment":[{"href":"https:\/\/biogeta.shop\/fr\/wp-json\/wp\/v2\/media?parent=2549"}],"wp:term":[{"taxonomy":"product_brand","embeddable":true,"href":"https:\/\/biogeta.shop\/fr\/wp-json\/wp\/v2\/product_brand?post=2549"},{"taxonomy":"product_cat","embeddable":true,"href":"https:\/\/biogeta.shop\/fr\/wp-json\/wp\/v2\/product_cat?post=2549"},{"taxonomy":"product_tag","embeddable":true,"href":"https:\/\/biogeta.shop\/fr\/wp-json\/wp\/v2\/product_tag?post=2549"}],"curies":[{"name":"wp","href":"https:\/\/api.w.org\/{rel}","templated":true}]}}