{"id":743,"date":"2023-07-26T12:37:58","date_gmt":"2023-07-26T08:37:58","guid":{"rendered":"https:\/\/biogeta.shop\/?page_id=743"},"modified":"2024-04-30T12:19:53","modified_gmt":"2024-04-30T10:19:53","slug":"revogacao","status":"publish","type":"page","link":"https:\/\/biogeta.shop\/pt\/revogacao\/","title":{"rendered":"Revoga\u00e7\u00e3o"},"content":{"rendered":"<div data-elementor-type=\"wp-page\" data-elementor-id=\"743\" class=\"elementor elementor-743\" data-elementor-post-type=\"page\">\n\t\t\t\t\t\t<section class=\"elementor-section elementor-top-section elementor-element elementor-element-5e53b7a elementor-section-boxed elementor-section-height-default elementor-section-height-default\" data-id=\"5e53b7a\" data-element_type=\"section\">\n\t\t\t\t\t\t<div class=\"elementor-container elementor-column-gap-default\">\n\t\t\t\t\t<div class=\"elementor-column elementor-col-100 elementor-top-column elementor-element elementor-element-5558566\" data-id=\"5558566\" data-element_type=\"column\">\n\t\t\t<div class=\"elementor-widget-wrap elementor-element-populated\">\n\t\t\t\t\t\t<div class=\"elementor-element elementor-element-4450351 elementor-widget elementor-widget-text-editor\" data-id=\"4450351\" data-element_type=\"widget\" data-widget_type=\"text-editor.default\">\n\t\t\t\t<div class=\"elementor-widget-container\">\n\t\t\t\t\t\t\t\t\t<h2><span style=\"color: inherit; font-family: inherit; font-size: 2rem;\">\u00a76 Direito de retirada do cliente como consumidor<\/span><\/h2><p><b><br \/>Direito de retirada para os consumidores<\/b><\/p><p>Os consumidores t\u00eam o direito de rescis\u00e3o de acordo com as seguintes disposi\u00e7\u00f5es, segundo as quais um consumidor \u00e9 qualquer pessoa f\u00edsica que conclua uma transa\u00e7\u00e3o legal para fins que n\u00e3o possam ser predominantemente atribu\u00eddos nem \u00e0 sua atividade comercial nem \u00e0 sua atividade profissional independente.<\/p><p>Observa\u00e7\u00e3o importante: al\u00e9m do per\u00edodo de retirada legalmente regulamentado de 14 dias, concedemos um direito de devolu\u00e7\u00e3o em todos os produtos Biogeta formadores de campo biol\u00f3gico de\u00a0<strong>30 dias<\/strong>!<\/p><p>Pol\u00edtica de cancelamento<\/p><p><b><br \/>Direito de retirada<\/b><\/p><p>Voc\u00ea tem o direito de cancelar este contrato no prazo de quatorze dias, sem apresentar qualquer motivo.<\/p><p>O per\u00edodo de retirada \u00e9 de quatorze dias a partir do dia em que voc\u00ea ou um terceiro nomeado por voc\u00ea, que n\u00e3o seja a transportadora, tenha ou tenha tomado posse das mercadorias.<\/p><p>Para exercer seu direito de retirada, voc\u00ea deve nos enviar<\/p><div><p>Biogeta Remessa<br \/>Rua principal 21<br \/>35088 Battenberg<br \/>E-mail: mail@strahlenfrei-wohnen.de<\/p><\/div><p>por meio de uma declara\u00e7\u00e3o clara (por exemplo, uma carta enviada por correio, fax ou e-mail) de sua decis\u00e3o de revogar este contrato. Voc\u00ea pode usar o modelo de formul\u00e1rio de rescis\u00e3o anexo para esse fim, o que, no entanto, n\u00e3o \u00e9 obrigat\u00f3rio.<\/p><p><b>Consequ\u00eancias da revoga\u00e7\u00e3o<\/b><\/p><p>Se voc\u00ea rescindir este contrato, deveremos reembolsar todos os pagamentos que recebemos de voc\u00ea, inclusive os custos de entrega (com exce\u00e7\u00e3o dos custos adicionais resultantes do fato de voc\u00ea ter escolhido um tipo de entrega diferente da entrega padr\u00e3o mais barata oferecida por n\u00f3s), sem demora e, no m\u00e1ximo, no prazo de quatorze dias a partir do dia em que recebemos a notifica\u00e7\u00e3o de sua rescis\u00e3o deste contrato.<\/p><p>Para esse reembolso, usamos os mesmos meios de pagamento que voc\u00ea usou para a transa\u00e7\u00e3o original, a menos que expressamente acordado de outra forma com voc\u00ea; em nenhum caso voc\u00ea ser\u00e1 cobrado por esse reembolso.<\/p><p>Poderemos recusar o reembolso at\u00e9 que tenhamos recebido os produtos de volta ou at\u00e9 que voc\u00ea tenha fornecido prova de que devolveu os produtos, o que ocorrer primeiro.<\/p><p>Voc\u00ea deve devolver ou entregar as mercadorias para n\u00f3s sem demora e, em qualquer caso, no prazo m\u00e1ximo de 14 dias a partir do dia em que nos notificar sobre a revoga\u00e7\u00e3o deste contrato. O prazo ser\u00e1 cumprido se voc\u00ea enviar as mercadorias antes do final do per\u00edodo de quatorze dias.<\/p><p>Voc\u00ea arcar\u00e1 com os custos diretos da devolu\u00e7\u00e3o dos produtos.<\/p><p><b>Fim da pol\u00edtica de cancelamento<\/b><\/p><p><b>\u00a0<\/b><\/p><p>****************************************************************************************************<\/p><p>\u00a7<b>7 Formul\u00e1rio de cancelamento<\/b><\/p><p><u>Modelo de formul\u00e1rio de cancelamento<\/u><\/p><p>(Se voc\u00ea deseja revogar o contrato, preencha e devolva este formul\u00e1rio).<\/p><div><p>Para:<br \/>Biogeta Remessa<br \/>Rua principal 21<br \/>35088 Battenberg<\/p><\/div><div><p><span style=\"color: var( --e-global-color-text ); font-family: var( --e-global-typography-text-font-family ), Sans-serif; font-weight: var( --e-global-typography-text-font-weight ); font-size: 1rem;\">E-mail: mail@alternawol.org<\/span><\/p><p>Eu\/n\u00f3s (*), por meio deste instrumento, revogo o contrato celebrado por mim\/n\u00f3s (*) para a compra dos seguintes bens (*)\/presta\u00e7\u00e3o do seguinte servi\u00e7o (*)<\/p><p>_____________________________________________________<\/p><p>Pedido em (*)\/recebido em (*)<\/p><p>__________________<\/p><p>Nome do(s) consumidor(es)<\/p><p>_____________________________________________________<\/p><p>Endere\u00e7o do(s) consumidor(es)<br \/>_____________________________________________________<\/p><p>Assinatura do(s) consumidor(es) (somente no caso de notifica\u00e7\u00e3o em papel)<\/p><p>__________________<\/p><p>Data<\/p><p>__________________<\/p><\/div><p>(*) Excluir conforme aplic\u00e1vel.<\/p><p>\u00a7<b>8 Garantia<br \/><\/b><span style=\"color: var( --e-global-color-text ); font-family: var( --e-global-typography-text-font-family ), Sans-serif; font-weight: var( --e-global-typography-text-font-weight ); font-size: 1rem;\">Aplicam-se as normas legais de garantia.<\/span><\/p><p>\u00a7<b>9 Linguagem contratual<br \/><\/b><span style=\"color: var( --e-global-color-text ); font-family: var( --e-global-typography-text-font-family ), Sans-serif; font-weight: var( --e-global-typography-text-font-weight ); font-size: 1rem;\">O alem\u00e3o e o ingl\u00eas est\u00e3o dispon\u00edveis como idiomas de contrato.<\/span><b><br \/><\/b><\/p><p>Status do GTC Fev.2023<\/p><p><i>criado por agb.de<\/i><\/p>\t\t\t\t\t\t\t\t<\/div>\n\t\t\t\t<\/div>\n\t\t\t\t\t<\/div>\n\t\t<\/div>\n\t\t\t\t\t<\/div>\n\t\t<\/section>\n\t\t\t\t<\/div>","protected":false},"excerpt":{"rendered":"<p>\u00a7Os consumidores t\u00eam direito a um direito de cancelamento de acordo com as seguintes disposi\u00e7\u00f5es, segundo as quais um consumidor \u00e9 qualquer pessoa f\u00edsica que conclua uma transa\u00e7\u00e3o legal para fins que n\u00e3o possam ser predominantemente atribu\u00eddos nem \u00e0 sua atividade comercial nem \u00e0 sua atividade profissional independente. Observa\u00e7\u00e3o importante: al\u00e9m do per\u00edodo legal de cancelamento de 14 dias, concedemos um direito de [...]<\/p>","protected":false},"author":1,"featured_media":0,"parent":0,"menu_order":0,"comment_status":"closed","ping_status":"closed","template":"","meta":{"_monsterinsights_skip_tracking":false,"_monsterinsights_sitenote_active":false,"_monsterinsights_sitenote_note":"","_monsterinsights_sitenote_category":0,"footnotes":""},"class_list":["post-743","page","type-page","status-publish","hentry"],"_links":{"self":[{"href":"https:\/\/biogeta.shop\/pt\/wp-json\/wp\/v2\/pages\/743","targetHints":{"allow":["GET"]}}],"collection":[{"href":"https:\/\/biogeta.shop\/pt\/wp-json\/wp\/v2\/pages"}],"about":[{"href":"https:\/\/biogeta.shop\/pt\/wp-json\/wp\/v2\/types\/page"}],"author":[{"embeddable":true,"href":"https:\/\/biogeta.shop\/pt\/wp-json\/wp\/v2\/users\/1"}],"replies":[{"embeddable":true,"href":"https:\/\/biogeta.shop\/pt\/wp-json\/wp\/v2\/comments?post=743"}],"version-history":[{"count":10,"href":"https:\/\/biogeta.shop\/pt\/wp-json\/wp\/v2\/pages\/743\/revisions"}],"predecessor-version":[{"id":6255,"href":"https:\/\/biogeta.shop\/pt\/wp-json\/wp\/v2\/pages\/743\/revisions\/6255"}],"wp:attachment":[{"href":"https:\/\/biogeta.shop\/pt\/wp-json\/wp\/v2\/media?parent=743"}],"curies":[{"name":"wp","href":"https:\/\/api.w.org\/{rel}","templated":true}]}}