{"id":104,"date":"2023-06-18T06:27:02","date_gmt":"2023-06-18T04:27:02","guid":{"rendered":"https:\/\/biogeta.shop\/?post_type=product&#038;p=104"},"modified":"2024-10-03T20:38:52","modified_gmt":"2024-10-03T18:38:52","slug":"tensor-de-ponta-biogeta","status":"publish","type":"product","link":"https:\/\/biogeta.shop\/pt\/produto\/tensor-de-ponta-biogeta\/","title":{"rendered":"Tensor de ponta BIOGETA"},"content":{"rendered":"<p>Sensor de ponta para testar zonas de interfer\u00eancia, alimentos, medicamentos, etc.<\/p>\n<p>O sensor de ponta BIOGETA\u00ae \u00e9 particularmente adequado para testes em gr\u00e1ficos de escala. Gra\u00e7as ao seu ajuste perfeito e \u00e0 ponta girat\u00f3ria, os valores de escala podem ser determinados com precis\u00e3o.<\/p>\n<p>O sensor de ponta BIOGETA\u00ae combina as vantagens de um p\u00eandulo com as de um tensor.<\/p>\n<p>Comprimento, incluindo a al\u00e7a, aprox. 30 cm<\/p>","protected":false},"excerpt":{"rendered":"<p>Sensor de ponta para testar zonas de interfer\u00eancia, alimentos, medicamentos, etc.<\/p>","protected":false},"featured_media":133,"comment_status":"closed","ping_status":"closed","template":"","meta":{"_monsterinsights_skip_tracking":false,"_monsterinsights_sitenote_active":false,"_monsterinsights_sitenote_note":"","_monsterinsights_sitenote_category":0},"product_brand":[],"product_cat":[24],"product_tag":[],"class_list":{"0":"post-104","1":"product","2":"type-product","3":"status-publish","4":"has-post-thumbnail","6":"product_cat-biogeta","8":"first","9":"instock","10":"taxable","11":"shipping-taxable","12":"purchasable","13":"product-type-simple"},"_links":{"self":[{"href":"https:\/\/biogeta.shop\/pt\/wp-json\/wp\/v2\/product\/104","targetHints":{"allow":["GET"]}}],"collection":[{"href":"https:\/\/biogeta.shop\/pt\/wp-json\/wp\/v2\/product"}],"about":[{"href":"https:\/\/biogeta.shop\/pt\/wp-json\/wp\/v2\/types\/product"}],"replies":[{"embeddable":true,"href":"https:\/\/biogeta.shop\/pt\/wp-json\/wp\/v2\/comments?post=104"}],"version-history":[{"count":2,"href":"https:\/\/biogeta.shop\/pt\/wp-json\/wp\/v2\/product\/104\/revisions"}],"predecessor-version":[{"id":4941,"href":"https:\/\/biogeta.shop\/pt\/wp-json\/wp\/v2\/product\/104\/revisions\/4941"}],"wp:featuredmedia":[{"embeddable":true,"href":"https:\/\/biogeta.shop\/pt\/wp-json\/wp\/v2\/media\/133"}],"wp:attachment":[{"href":"https:\/\/biogeta.shop\/pt\/wp-json\/wp\/v2\/media?parent=104"}],"wp:term":[{"taxonomy":"product_brand","embeddable":true,"href":"https:\/\/biogeta.shop\/pt\/wp-json\/wp\/v2\/product_brand?post=104"},{"taxonomy":"product_cat","embeddable":true,"href":"https:\/\/biogeta.shop\/pt\/wp-json\/wp\/v2\/product_cat?post=104"},{"taxonomy":"product_tag","embeddable":true,"href":"https:\/\/biogeta.shop\/pt\/wp-json\/wp\/v2\/product_tag?post=104"}],"curies":[{"name":"wp","href":"https:\/\/api.w.org\/{rel}","templated":true}]}}